{"id":93,"date":"2019-02-19T19:18:10","date_gmt":"2019-02-19T18:18:10","guid":{"rendered":"http:\/\/nanninga.myds.me\/testcompass\/?page_id=93"},"modified":"2020-10-18T17:25:15","modified_gmt":"2020-10-18T15:25:15","slug":"training-und-coaching","status":"publish","type":"page","link":"https:\/\/compass-bildung.de\/bildung\/compass-bildung\/training-und-coaching\/","title":{"rendered":"Training &#038; Coaching"},"content":{"rendered":"<p><span style=\"font-size: 14pt; color: #0000ff;\"><strong><span style=\"font-family: verdana, geneva, sans-serif;\"><br \/>\n<span style=\"font-size: 18pt;\">Training &amp; Coaching<\/span><\/span><\/strong><\/span><\/p>\n<p style=\"text-align: left;\"><img loading=\"lazy\" decoding=\"async\" class=\"alignnone wp-image-383\" src=\"https:\/\/compass-bildung.de\/bildung\/wp-content\/uploads\/2019\/03\/Klausurvorbereitung-1024x710.jpg\" alt=\"\" width=\"1318\" height=\"914\" srcset=\"https:\/\/compass-bildung.de\/bildung\/wp-content\/uploads\/2019\/03\/Klausurvorbereitung-1024x710.jpg 1024w, https:\/\/compass-bildung.de\/bildung\/wp-content\/uploads\/2019\/03\/Klausurvorbereitung-300x208.jpg 300w, https:\/\/compass-bildung.de\/bildung\/wp-content\/uploads\/2019\/03\/Klausurvorbereitung-768x532.jpg 768w, https:\/\/compass-bildung.de\/bildung\/wp-content\/uploads\/2019\/03\/Klausurvorbereitung-500x347.jpg 500w, https:\/\/compass-bildung.de\/bildung\/wp-content\/uploads\/2019\/03\/Klausurvorbereitung-800x555.jpg 800w, https:\/\/compass-bildung.de\/bildung\/wp-content\/uploads\/2019\/03\/Klausurvorbereitung-1280x887.jpg 1280w, https:\/\/compass-bildung.de\/bildung\/wp-content\/uploads\/2019\/03\/Klausurvorbereitung-1920x1331.jpg 1920w\" sizes=\"auto, (max-width: 1318px) 100vw, 1318px\" \/><span style=\"font-family: verdana, geneva, sans-serif;\"><strong><span style=\"font-size: 14pt; color: #000000;\">Aus Erfahrung lernen &#8211; mit der richtigen Strategie zum Erfolg!<\/span><br \/>\n<\/strong><\/span><\/p>\n<p><span style=\"font-family: verdana, geneva, sans-serif;\"><span style=\"font-size: 14pt;\"><strong><span style=\"color: #0000ff;\">Trainingseinheiten<\/span><\/strong><\/span> werden von uns vielf\u00e4ltige angeboten \u2013 ob zum Thema Pr\u00e4sentation, Moderation, Bewerbung \u2013 es bieten sich diverse Bereiche an, in denen man sich durch Training enorm verbessern kann. H\u00e4ufig sind es eher Themen, die uns &#8220;nicht so liegen&#8221;, denen wir lieber &#8220;aus dem Weg gehen w\u00fcrden&#8221;. Sich solchen Situationen durch Trainingsintervalle direkt zu stellen tr\u00e4gt sp\u00fcrbar zu einer Entwicklung der eigenen F\u00e4higkeiten bei.<\/span><\/p>\n<p><span style=\"font-family: verdana, geneva, sans-serif;\">Durch Tests \/ Klausuren \/ m\u00fcndliche Pr\u00fcfungen soll lediglich der eigene Wissensstand \u00fcberpr\u00fcft werden. Ohne \u00dcberpr\u00fcfungen lie\u00dfe sich objektiv kein Lernerfolg feststellen. Derartige \u00dcberpr\u00fcfungen stellen immer eine besondere Stresssituation f\u00fcr den Pr\u00fcfling dar. Auch hier kann eine gute Vorbereitung \u2013 ein Training \u2013 dazu beitragen, den Stress deutlich zu reduzieren um letztendlich diese Pr\u00fcfungssituation erfolgreich zu meistern.<\/span><\/p>\n<p><span style=\"font-family: verdana, geneva, sans-serif;\">In speziellen <strong>Klausur-Vorbereitungstrainings<\/strong> <strong>(KVT)<\/strong> werden Sie bei Compass-Bildung auf die Pr\u00fcfung vorbereitet. Dabei geht es u. a. um folgende Fragestellungen:<\/span><\/p>\n<ol>\n<li><span style=\"font-family: verdana, geneva, sans-serif;\">Wie gehe ich an eine Klausur heran (Vorgehensweise)?<\/span><\/li>\n<li><span style=\"font-family: verdana, geneva, sans-serif;\">Welche Aufgabe sollte ich zuerst bearbeiten?<\/span><\/li>\n<li><span style=\"font-family: verdana, geneva, sans-serif;\">Wie schaffe ich es, die Zeit im Auge zu behalten?<\/span><\/li>\n<li><span style=\"font-family: verdana, geneva, sans-serif;\">Wie erkenne ich, was von mir erwartet wird (Fragestellung)?<\/span><\/li>\n<li><span style=\"font-family: verdana, geneva, sans-serif;\">Wie umfangreich muss ich auf welche Fragestellung antworten?<\/span><\/li>\n<li><span style=\"font-family: verdana, geneva, sans-serif;\">Welche Ans\u00e4tze gibt es, um auf L\u00f6sungen zu kommen?<\/span><\/li>\n<\/ol>\n<p>&nbsp;<\/p>\n<p><span style=\"font-family: verdana, geneva, sans-serif;\">Unter <span style=\"color: #0000ff; font-size: 14pt;\"><strong>Coaching<\/strong> <\/span>ist ein Ansatz der &#8220;Hilfe zur Selbsthilfe&#8221; zu verstehen. Der Coach unterst\u00fctzt den Teilnehmer bei seinem Vorhaben durch Hilfestellungen, die ihn seinem Ziel n\u00e4her bringen sollen. Auch kann es darum gehen, ein derartiges Ziel erst einmal zu konkretisieren (Transparenz \/ Klarheit zu schaffen). Coaching kann in unterschiedlichsten Situationen sehr hilfreich sein. Hierzu z\u00e4hlen zum Beispiel<br \/>\n<\/span><\/p>\n<ul>\n<li><span style=\"font-family: verdana, geneva, sans-serif;\">Identifikation von Potenzialen im Handlungsbereich (Verhaltensbereich) der Mitarbeiterf\u00fchrung oder der Selbstorganisation (Zeitmanagement)<\/span><\/li>\n<li><span style=\"font-family: verdana, geneva, sans-serif;\">strategische Entscheidungsprozesse mit hoher Komplexit\u00e4t im beruflichen Umfeld <\/span><\/li>\n<li><span style=\"font-family: verdana, geneva, sans-serif;\">Einzelbetreuung zum Karriere-Coaching oder Entwicklungs-Coaching (F\u00f6rderung)<\/span><\/li>\n<li><span style=\"font-family: verdana, geneva, sans-serif;\">aber auch Entscheidungsprozesse oder Vorgehensweisen im privaten Kontext<\/span><\/li>\n<\/ul>\n<p>&nbsp;<\/p>\n<p style=\"text-align: left;\"><span style=\"font-family: verdana,geneva,sans-serif;\">Coaching ist individuell und vielf\u00e4ltig. Erst nach einem ersten unverbindlichen Gespr\u00e4ch kann die Entscheidung getroffen werden, ob ein m\u00f6gliches Coaching f\u00fcr sie sinnvoll &amp; hilfreich sein kann. Als zertifizierter &#8220;systemischer Coach &amp; Mediator&#8221; und ausgebildeter &#8220;Stress- und Burnout-Pr\u00e4ventionstrainer&#8221; steht Hr. Wolf gern mit Rat &amp; Tat zur Seite.<br \/>\n<\/span><\/p>\n","protected":false},"excerpt":{"rendered":"<p>Training &amp; Coaching Aus Erfahrung lernen &#8211; mit der richtigen Strategie zum Erfolg! Trainingseinheiten werden von uns vielf\u00e4ltige angeboten \u2013 ob zum Thema Pr\u00e4sentation, Moderation, Bewerbung \u2013 es bieten sich diverse Bereiche an, in denen man sich durch Training enorm <span class=\"excerpt-dots\">&hellip;<\/span> <a class=\"more-link\" href=\"https:\/\/compass-bildung.de\/bildung\/compass-bildung\/training-und-coaching\/\"><span class=\"more-msg\">Weiterlesen &rarr;<\/span><\/a><\/p>\n","protected":false},"author":3,"featured_media":0,"parent":434,"menu_order":0,"comment_status":"closed","ping_status":"closed","template":"","meta":{"_monsterinsights_skip_tracking":false,"_monsterinsights_sitenote_active":false,"_monsterinsights_sitenote_note":"","_monsterinsights_sitenote_category":0,"footnotes":""},"class_list":["post-93","page","type-page","status-publish","hentry"],"_links":{"self":[{"href":"https:\/\/compass-bildung.de\/bildung\/wp-json\/wp\/v2\/pages\/93","targetHints":{"allow":["GET"]}}],"collection":[{"href":"https:\/\/compass-bildung.de\/bildung\/wp-json\/wp\/v2\/pages"}],"about":[{"href":"https:\/\/compass-bildung.de\/bildung\/wp-json\/wp\/v2\/types\/page"}],"author":[{"embeddable":true,"href":"https:\/\/compass-bildung.de\/bildung\/wp-json\/wp\/v2\/users\/3"}],"replies":[{"embeddable":true,"href":"https:\/\/compass-bildung.de\/bildung\/wp-json\/wp\/v2\/comments?post=93"}],"version-history":[{"count":20,"href":"https:\/\/compass-bildung.de\/bildung\/wp-json\/wp\/v2\/pages\/93\/revisions"}],"predecessor-version":[{"id":672,"href":"https:\/\/compass-bildung.de\/bildung\/wp-json\/wp\/v2\/pages\/93\/revisions\/672"}],"up":[{"embeddable":true,"href":"https:\/\/compass-bildung.de\/bildung\/wp-json\/wp\/v2\/pages\/434"}],"wp:attachment":[{"href":"https:\/\/compass-bildung.de\/bildung\/wp-json\/wp\/v2\/media?parent=93"}],"curies":[{"name":"wp","href":"https:\/\/api.w.org\/{rel}","templated":true}]}}