{"id":79,"date":"2019-02-19T18:55:40","date_gmt":"2019-02-19T17:55:40","guid":{"rendered":"http:\/\/nanninga.myds.me\/testcompass\/?page_id=79"},"modified":"2024-01-09T08:58:36","modified_gmt":"2024-01-09T07:58:36","slug":"kontakt","status":"publish","type":"page","link":"https:\/\/compass-bildung.de\/bildung\/kontakt\/","title":{"rendered":"Kontakt"},"content":{"rendered":"<p style=\"text-align: left;\"><span style=\"color: #0000ff;\"><strong><span style=\"font-size: 14pt; font-family: verdana, geneva, sans-serif;\">Kontakt<\/span><\/strong><\/span><\/p>\n<p style=\"text-align: left;\"><span style=\"color: #000000; font-family: verdana, geneva, sans-serif; font-size: 12pt;\"><strong>Postanschrift:<\/strong><br \/>\nCompass-Bildung<br \/>\nAndreas Wolf<br \/>\nSchwertlilienweg 27<br \/>\n26135 Oldenburg<br \/>\n<\/span><\/p>\n<p style=\"text-align: left;\"><span style=\"color: #000000; font-family: verdana, geneva, sans-serif; font-size: 12pt;\"><strong> Telefon:<\/strong><b><br \/>\n<\/b><span style=\"color: #0000ff;\">0176 \/ 23272139<\/span><br \/>\n<\/span><\/p>\n<p style=\"text-align: left;\"><span style=\"font-size: 12pt; color: #000000;\"><span style=\"font-family: verdana, geneva, sans-serif;\"><strong>E-Mail:<br \/>\n<\/strong><\/span><span style=\"font-family: verdana, geneva, sans-serif;\"><a style=\"color: #000000;\" href=\"mailto:info@compass-bildung.de\"><span style=\"color: #0000ff;\">info@compass-bildung.de<\/span><\/a><\/span><\/span><\/p>\n<p style=\"text-align: left;\"><span style=\"font-family: verdana, geneva, sans-serif; font-size: 12pt; color: #000000;\"><b>Wenn Sie weitere Fragen haben oder sich direkt anmelden m\u00f6chten, sind wir f\u00fcr Sie da!<\/b><\/span><\/p>\n<p><span style=\"font-size: 12pt; color: #000000;\">Sie k\u00f6nnen uns auch direkt eine Nachricht \u00fcber das nachfolgende Kontaktformular senden.<\/span><\/p>\n\n<div class=\"wpcf7 no-js\" id=\"wpcf7-f465-o1\" lang=\"de-DE\" dir=\"ltr\">\n<div class=\"screen-reader-response\"><p role=\"status\" aria-live=\"polite\" aria-atomic=\"true\"><\/p> <ul><\/ul><\/div>\n<form action=\"\/bildung\/wp-json\/wp\/v2\/pages\/79#wpcf7-f465-o1\" method=\"post\" class=\"wpcf7-form init\" aria-label=\"Kontaktformular\" novalidate=\"novalidate\" data-status=\"init\">\n<div style=\"display: none;\">\n<input type=\"hidden\" name=\"_wpcf7\" value=\"465\" \/>\n<input type=\"hidden\" name=\"_wpcf7_version\" value=\"5.8.1\" \/>\n<input type=\"hidden\" name=\"_wpcf7_locale\" value=\"de_DE\" \/>\n<input type=\"hidden\" name=\"_wpcf7_unit_tag\" value=\"wpcf7-f465-o1\" \/>\n<input type=\"hidden\" name=\"_wpcf7_container_post\" value=\"0\" \/>\n<input type=\"hidden\" name=\"_wpcf7_posted_data_hash\" value=\"\" \/>\n<\/div>\n<p><label> Ihr Name (Pflichtfeld)<br \/>\n<span class=\"wpcf7-form-control-wrap\" data-name=\"your-name\"><input size=\"40\" class=\"wpcf7-form-control wpcf7-text wpcf7-validates-as-required\" aria-required=\"true\" aria-invalid=\"false\" value=\"\" type=\"text\" name=\"your-name\" \/><\/span> <\/label>\n<\/p>\n<p><label> Ihre E-Mail-Adresse (Pflichtfeld)<br \/>\n<span class=\"wpcf7-form-control-wrap\" data-name=\"your-email\"><input size=\"40\" class=\"wpcf7-form-control wpcf7-email wpcf7-validates-as-required wpcf7-text wpcf7-validates-as-email\" aria-required=\"true\" aria-invalid=\"false\" value=\"\" type=\"email\" name=\"your-email\" \/><\/span> <\/label>\n<\/p>\n<p><label> Ihre Telefonnummer (Wir rufen gerne zur\u00fcck)<br \/>\n<span class=\"wpcf7-form-control-wrap\" data-name=\"tel-832\"><input size=\"40\" class=\"wpcf7-form-control wpcf7-tel wpcf7-text wpcf7-validates-as-tel\" aria-invalid=\"false\" value=\"\" type=\"tel\" name=\"tel-832\" \/><\/span> <\/label>\n<\/p>\n<p><label> Betreff<br \/>\n<span class=\"wpcf7-form-control-wrap\" data-name=\"your-subject\"><input size=\"40\" class=\"wpcf7-form-control wpcf7-text\" aria-invalid=\"false\" value=\"\" type=\"text\" name=\"your-subject\" \/><\/span> <\/label>\n<\/p>\n<p><label> Ihre Nachricht<br \/>\n<span class=\"wpcf7-form-control-wrap\" data-name=\"your-message\"><textarea cols=\"40\" rows=\"10\" class=\"wpcf7-form-control wpcf7-textarea\" aria-invalid=\"false\" name=\"your-message\"><\/textarea><\/span> <\/label>\n<\/p>\n<p><input class=\"wpcf7-form-control wpcf7-submit has-spinner\" type=\"submit\" value=\"Senden\" \/>\n<\/p>\n<p><span id=\"wpcf7-69e4ad0827986-wrapper\" class=\"wpcf7-form-control-wrap verstecktesFeld-wrap\" style=\"display:none !important; visibility:hidden !important;\"><label for=\"wpcf7-69e4ad0827986-field\" class=\"hp-message\">Bitte lasse dieses Feld leer.<\/label><input id=\"wpcf7-69e4ad0827986-field\"  class=\"wpcf7-form-control wpcf7-text\" type=\"text\" name=\"verstecktesFeld\" value=\"\" size=\"40\" tabindex=\"-1\" autocomplete=\"new-password\" \/><\/span>\n<\/p>\n<div class=\"wpcf7-response-output\" aria-hidden=\"true\"><\/div>\n<\/form>\n<\/div>\n\n","protected":false},"excerpt":{"rendered":"<p>Kontakt Postanschrift: Compass-Bildung Andreas Wolf Schwertlilienweg 27 26135 Oldenburg Telefon: 0176 \/ 23272139 E-Mail: info@compass-bildung.de Wenn Sie weitere Fragen haben oder sich direkt anmelden m\u00f6chten, sind wir f\u00fcr Sie da! Sie k\u00f6nnen uns auch direkt eine Nachricht \u00fcber das nachfolgende <span class=\"excerpt-dots\">&hellip;<\/span> <a class=\"more-link\" href=\"https:\/\/compass-bildung.de\/bildung\/kontakt\/\"><span class=\"more-msg\">Weiterlesen &rarr;<\/span><\/a><\/p>\n","protected":false},"author":3,"featured_media":0,"parent":0,"menu_order":0,"comment_status":"closed","ping_status":"closed","template":"","meta":{"_monsterinsights_skip_tracking":false,"_monsterinsights_sitenote_active":false,"_monsterinsights_sitenote_note":"","_monsterinsights_sitenote_category":0,"footnotes":""},"class_list":["post-79","page","type-page","status-publish","hentry"],"_links":{"self":[{"href":"https:\/\/compass-bildung.de\/bildung\/wp-json\/wp\/v2\/pages\/79","targetHints":{"allow":["GET"]}}],"collection":[{"href":"https:\/\/compass-bildung.de\/bildung\/wp-json\/wp\/v2\/pages"}],"about":[{"href":"https:\/\/compass-bildung.de\/bildung\/wp-json\/wp\/v2\/types\/page"}],"author":[{"embeddable":true,"href":"https:\/\/compass-bildung.de\/bildung\/wp-json\/wp\/v2\/users\/3"}],"replies":[{"embeddable":true,"href":"https:\/\/compass-bildung.de\/bildung\/wp-json\/wp\/v2\/comments?post=79"}],"version-history":[{"count":7,"href":"https:\/\/compass-bildung.de\/bildung\/wp-json\/wp\/v2\/pages\/79\/revisions"}],"predecessor-version":[{"id":725,"href":"https:\/\/compass-bildung.de\/bildung\/wp-json\/wp\/v2\/pages\/79\/revisions\/725"}],"wp:attachment":[{"href":"https:\/\/compass-bildung.de\/bildung\/wp-json\/wp\/v2\/media?parent=79"}],"curies":[{"name":"wp","href":"https:\/\/api.w.org\/{rel}","templated":true}]}}