{"id":75,"date":"2019-02-19T18:53:08","date_gmt":"2019-02-19T17:53:08","guid":{"rendered":"http:\/\/nanninga.myds.me\/testcompass\/?page_id=75"},"modified":"2025-01-30T10:02:53","modified_gmt":"2025-01-30T09:02:53","slug":"technische-betriebswirte","status":"publish","type":"page","link":"https:\/\/compass-bildung.de\/bildung\/compass-bildung\/technische-betriebswirte\/","title":{"rendered":"Technische Betriebswirte"},"content":{"rendered":"<p style=\"text-align: left;\"><strong><br \/>\n<span style=\"font-family: verdana, geneva, sans-serif; font-size: 14pt; color: #0000ff;\">2-j\u00e4hrige Vorbereitungslehrg\u00e4nge auf den technischen Betriebswirt (IHK)<\/span><\/strong><strong><img loading=\"lazy\" decoding=\"async\" class=\"aligncenter wp-image-454\" src=\"https:\/\/compass-bildung.de\/bildung\/wp-content\/uploads\/2019\/03\/02-Technischer-Betriebswirt-1024x680.jpg\" alt=\"\" width=\"1185\" height=\"807\" \/><\/strong><\/p>\n<p><span style=\"font-size: 14pt; color: #0000ff;\"><strong>Technische Betriebswirte<\/strong> \u2013 Zukunft selber gestalten<\/span><\/p>\n<p><span style=\"font-family: verdana, geneva, sans-serif;\">Durch die berufsbegleitende, zweij\u00e4hrige Aufstiegsfortbildung zum technischen Betriebswirten (m\/w\/d) erreichen die Teilnehmer den h\u00f6chstm\u00f6glichen Abschluss vor der IHK. Dadurch stehen ihnen \u00fcberdurchschnittliche Berufschancen offen. Die Anerkennung auf DQR-Stufe 7 entspricht dem heutigen &#8220;Master-Niveau&#8221; und findet EU-weite Akzeptanz. Auch dieser Vorbereitungslehrgang kann durch die staatliche Anerkennung bis zu 100 % durch das Aufstiegsfortbildungsf\u00f6rderungsgesetz (AFBG) gef\u00f6rdert werden. Wir unterst\u00fctzen Sie bei der Beantragung.<br \/>\n<\/span><\/p>\n<p><span style=\"font-family: verdana, geneva, sans-serif;\">Voraussetzungen f\u00fcr die Teilnahme ist eine abgeschlossene staatlich anerkannte Weiterbildung auf DQR-6 Niveau (wie z. B. dem Meister oder Techniker). Durch die <strong>berufsbegleitende<\/strong> Weiterbildung erwerben die Teilnehmer zus\u00e4tzlich praktische Erfahrungen und wachsen h\u00e4ufig schon w\u00e4hrend der Weiterbildung in anspruchsvollere Aufgaben hinein. Deshalb ist diese Form der Weiterbildung besonders wertvoll: Neue Erkenntnisse k\u00f6nnen schrittweise im Berufsleben angewendet werden. Dadurch entwickelt der Teilnehmer schon w\u00e4hrend der Weiterbildung seine Handlungskompetenz entscheidend weiter und tr\u00e4gt zum Wissenstransfer ins Unternehmen bei.<\/span><\/p>\n<p><span style=\"font-family: verdana, geneva, sans-serif;\">Wesentliche Inhalte der Weiterbildung sind Betriebswirtschaftslehre, Management und Personalf\u00fchrung. Technische Betriebswirte k\u00f6nnen als Bindeglied zwischen Technik und Betriebswirtschaft Leitungsaufgaben im mittleren Management \u00fcbernehmen. Als hochqualifizierte Fachkr\u00e4fte sind sie breit aufgestellt und somit vielf\u00e4ltig einsetzbar. Neben anspruchsvollen F\u00fchrungsaufgaben werden sie h\u00e4ufig im Projektmanagement zur Prozessoptimierung und Organisationsentwicklung eingesetzt. Karriereschritte bis in die Betriebsleitung eines Unternehmens sind in der Praxis keine Seltenheit.<\/span><\/p>\n<p><span style=\"color: #0000ff;\"><strong><span style=\"font-size: 14pt;\">Inhalte und Ablauf der Weiterbildung zum technischen Betriebswirt (IHK)<\/span><\/strong><\/span><\/p>\n<p><span style=\"font-family: verdana, geneva, sans-serif;\">Die zweij\u00e4hrige Weiterbildung zum technischen Betriebswirt beginnt im Fr\u00fchjahr eines Jahres und bereitet gezielt auf die Pr\u00fcfung im Fr\u00fchjahr des darauffolgenden Jahres vor. Im Teil A \u201e<strong>Wirtschaftliches Handeln und betrieblicher Leistungsprozess<\/strong>\u201c sind folgende 4 Inhalte durch Klausuren nachzuweisen:<\/span><\/p>\n<ol>\n<li><span style=\"font-family: verdana, geneva, sans-serif;\">Aspekte der allgemeinen Volks- und Betriebswirtschaftslehre<\/span><\/li>\n<li><span style=\"font-family: verdana, geneva, sans-serif;\">Rechnungswesen<\/span><\/li>\n<li><span style=\"font-family: verdana, geneva, sans-serif;\">Finanzierung und Investition<\/span><\/li>\n<li><span style=\"font-family: verdana, geneva, sans-serif;\"><span style=\"font-family: verdana, geneva, sans-serif;\"><span style=\"font-family: verdana, geneva, sans-serif;\">Material-, Produktions- und Absatzwirtschaft<br \/>\n<\/span><\/span><\/span><\/li>\n<\/ol>\n<p><span style=\"font-family: verdana, geneva, sans-serif;\"><br \/>\nDanach folgen im Teil B \u201e<strong>Management und F\u00fchrung<\/strong>\u201c weitere 3 integrative Fachgebiete, die widerum ein Jahr sp\u00e4ter durch 2 schriftliche Pr\u00fcfungen und einer m\u00fcndlichen Pr\u00fcfung (situationsbezogenes Fachgespr\u00e4ch) vor der IHK nachzuweisen sind:<\/span><\/p>\n<ol>\n<li><span style=\"font-family: verdana, geneva, sans-serif;\">Organisation und Unternehmensf\u00fchrung<\/span><\/li>\n<li><span style=\"font-family: verdana, geneva, sans-serif;\">Personalmanagement<\/span><\/li>\n<li><span style=\"font-family: verdana, geneva, sans-serif;\"><span style=\"font-family: verdana, geneva, sans-serif;\"><span style=\"font-family: verdana, geneva, sans-serif;\">Informations- und Kommunikationstechniken<br \/>\n<\/span><\/span><\/span><\/li>\n<\/ol>\n<p><span style=\"font-family: verdana, geneva, sans-serif;\"><br \/>\nDen Abschluss der Weiterbildung zum technischen Betriebswirt bildet die vom Teilnehmer anzufertigende Projektarbeit, wof\u00fcr nach Themenvergabe ein Zeitfenster von 30 Tagen zur Verf\u00fcgung steht. Diese wird vom Pr\u00fcfungsausschuss bewertet. In einer abschlie\u00dfenden, m\u00fcndlichen Pr\u00fcfung pr\u00e4sentiert der Teilnehmer dem IHK-Pr\u00fcfungsausschuss die wesentlichen Ergebnisse daraus.<br \/>\n<\/span><\/p>\n<p><span style=\"font-family: verdana, geneva, sans-serif;\">Der Unterricht zum technischen Betriebswirt erfolgt an 1 &#8211; 2 Tagen in der Woche schichtbegleitend, d. h. vor- und nachmittags jeweils in 4 Unterrichtseinheiten \u00e0 45 Minuten, die inhaltlich identisch sind.\u00a0 Auf diese Weise kann jeder Teilnehmer &#8211; auch im Schichtdienst &#8211; regelm\u00e4\u00dfig am Unterricht teilnehmen. <\/span><span style=\"font-family: verdana, geneva, sans-serif;\">Zudem kann nach Absprache ein Samstag pro Monat hinzu kommen (08:30 &#8211; 15:30 Uhr).<\/span><\/p>\n<p><span style=\"font-family: verdana, geneva, sans-serif;\">Ein fundiertes Unterrichtskonzept vermittelt praxisnah die Inhalte. Angereichert mit vielen \u00dcbungen, Wiederholungen und einem speziellen Klausurvorbereitungstraining werden die Teilnehmer bei Compass-Bildung optimal auf die Pr\u00fcfungen vorbereitet.<\/span><\/p>\n<p><span style=\"font-family: verdana, geneva, sans-serif;\">Unsere Dozenten sind ein wesentlicher Baustein f\u00fcr den Lernerfolg. Als erfahrene Praktiker verf\u00fcgen sie selber \u00fcber eine langj\u00e4hrige F\u00fchrungserfahrung in unterschiedlichsten Bereichen der Wirtschaft. Auf diese Weise kann die Br\u00fccke zwischen Theorie &amp; Praxis im Unterricht leicht hergestellt werden. Zudem verf\u00fcgen viele Dozenten \u00fcber umfangreiche Erfahrungen aus Pr\u00fcfungsaussch\u00fcssen der IHK, die den Teilnehmern von Compass-Bildung zugute kommen.<\/span><\/p>\n<p><span style=\"font-size: 14pt; color: #0000ff;\"><strong>Schauen Sie bei Interesse unter &#8220;Termine&#8221;, wann die n\u00e4chsten Informationsveranstaltungen stattfinden.<br \/>\n<\/strong><\/span><\/p>\n<p>Sie finden Compass-Bildung in 26725 Emden direkt unter dem Fernsehturm (Einfahrt gegen\u00fcber Br\u00fcckstr. 42).<\/p>\n<p>&nbsp;<\/p>\n","protected":false},"excerpt":{"rendered":"<p>2-j\u00e4hrige Vorbereitungslehrg\u00e4nge auf den technischen Betriebswirt (IHK) Technische Betriebswirte \u2013 Zukunft selber gestalten Durch die berufsbegleitende, zweij\u00e4hrige Aufstiegsfortbildung zum technischen Betriebswirten (m\/w\/d) erreichen die Teilnehmer den h\u00f6chstm\u00f6glichen Abschluss vor der IHK. Dadurch stehen ihnen \u00fcberdurchschnittliche Berufschancen offen. Die Anerkennung auf <span class=\"excerpt-dots\">&hellip;<\/span> <a class=\"more-link\" href=\"https:\/\/compass-bildung.de\/bildung\/compass-bildung\/technische-betriebswirte\/\"><span class=\"more-msg\">Weiterlesen &rarr;<\/span><\/a><\/p>\n","protected":false},"author":3,"featured_media":0,"parent":434,"menu_order":0,"comment_status":"closed","ping_status":"closed","template":"","meta":{"_monsterinsights_skip_tracking":false,"_monsterinsights_sitenote_active":false,"_monsterinsights_sitenote_note":"","_monsterinsights_sitenote_category":0,"footnotes":""},"class_list":["post-75","page","type-page","status-publish","hentry"],"_links":{"self":[{"href":"https:\/\/compass-bildung.de\/bildung\/wp-json\/wp\/v2\/pages\/75","targetHints":{"allow":["GET"]}}],"collection":[{"href":"https:\/\/compass-bildung.de\/bildung\/wp-json\/wp\/v2\/pages"}],"about":[{"href":"https:\/\/compass-bildung.de\/bildung\/wp-json\/wp\/v2\/types\/page"}],"author":[{"embeddable":true,"href":"https:\/\/compass-bildung.de\/bildung\/wp-json\/wp\/v2\/users\/3"}],"replies":[{"embeddable":true,"href":"https:\/\/compass-bildung.de\/bildung\/wp-json\/wp\/v2\/comments?post=75"}],"version-history":[{"count":37,"href":"https:\/\/compass-bildung.de\/bildung\/wp-json\/wp\/v2\/pages\/75\/revisions"}],"predecessor-version":[{"id":742,"href":"https:\/\/compass-bildung.de\/bildung\/wp-json\/wp\/v2\/pages\/75\/revisions\/742"}],"up":[{"embeddable":true,"href":"https:\/\/compass-bildung.de\/bildung\/wp-json\/wp\/v2\/pages\/434"}],"wp:attachment":[{"href":"https:\/\/compass-bildung.de\/bildung\/wp-json\/wp\/v2\/media?parent=75"}],"curies":[{"name":"wp","href":"https:\/\/api.w.org\/{rel}","templated":true}]}}