{"id":67,"date":"2019-02-19T18:49:26","date_gmt":"2019-02-19T17:49:26","guid":{"rendered":"http:\/\/nanninga.myds.me\/testcompass\/?page_id=67"},"modified":"2025-01-30T09:50:20","modified_gmt":"2025-01-30T08:50:20","slug":"meisterkurse-in-emden","status":"publish","type":"page","link":"https:\/\/compass-bildung.de\/bildung\/compass-bildung\/meisterkurse-in-emden\/","title":{"rendered":"Meisterkurse"},"content":{"rendered":"<p style=\"text-align: left;\"><span style=\"font-family: verdana, geneva, sans-serif;\"><strong><br \/>\n<span style=\"font-size: 14pt; color: #0000ff;\">Ein- oder zweij\u00e4hrige Vorbereitungslehrg\u00e4nge auf Meisterkurse (Industriemeister \/ Logistikmeister)<br \/>\n<\/span><\/strong><\/span><\/p>\n<p><strong>Industriemeister \u201e4.0\u201c<\/strong> &#8211; von der Fachkraft zur F\u00fchrungskraft \u00a0 (Schwerpunkte <strong>Metall, Elektrotechnik, Mechatronik<\/strong> sowie der <strong>Logistikmeister<\/strong>)<\/p>\n<p><span style=\"font-family: verdana, geneva, sans-serif;\">Heute werden andere Anforderungen an den Industriemeister und den Logistikmeister gestellt als noch vor 20 Jahren \u2013 Industrie und Wirtschaft ver\u00e4ndern sich zunehmend schneller, zunehmender Wettbewerb f\u00fchrt zu Konzentrationsprozessen auf den M\u00e4rkten und zieht Komplexit\u00e4t und Dynamik nach sich. Da gilt es Schritt zu halten, das geht aber nicht von allein.<img loading=\"lazy\" decoding=\"async\" class=\"alignright size-full wp-image-691\" src=\"https:\/\/compass-bildung.de\/bildung\/wp-content\/uploads\/2022\/01\/2022-01-08-Gratulation-zum-Industriemeister.jpg\" alt=\"\" width=\"960\" height=\"720\" srcset=\"https:\/\/compass-bildung.de\/bildung\/wp-content\/uploads\/2022\/01\/2022-01-08-Gratulation-zum-Industriemeister.jpg 960w, https:\/\/compass-bildung.de\/bildung\/wp-content\/uploads\/2022\/01\/2022-01-08-Gratulation-zum-Industriemeister-300x225.jpg 300w, https:\/\/compass-bildung.de\/bildung\/wp-content\/uploads\/2022\/01\/2022-01-08-Gratulation-zum-Industriemeister-768x576.jpg 768w, https:\/\/compass-bildung.de\/bildung\/wp-content\/uploads\/2022\/01\/2022-01-08-Gratulation-zum-Industriemeister-500x375.jpg 500w, https:\/\/compass-bildung.de\/bildung\/wp-content\/uploads\/2022\/01\/2022-01-08-Gratulation-zum-Industriemeister-800x600.jpg 800w\" sizes=\"auto, (max-width: 960px) 100vw, 960px\" \/><\/span><\/p>\n<p><span style=\"font-family: verdana, geneva, sans-serif;\">Weder ein Industrie- noch ein Logistikmeister von heute muss (oder kann) f\u00fcr jedes Problem immer eine L\u00f6sung parat haben und einsam seine Entscheidungen treffen. Vielmehr gilt es in diesem Entscheidungsprozess das Know-How der eigenen Mitarbeiter mit einzubeziehen. Viele K\u00f6pfe denken einfach \u201ebunter\u201c als einer \u2013 und die Welt ist nun mal nicht schwarz-wei\u00df. Deshalb gewinnen Schl\u00fcsselqualifikationen, insbesondere bei F\u00fchrungskr\u00e4ften, immer st\u00e4rker an Bedeutung.<br \/>\n<\/span><\/p>\n<p><span style=\"font-family: verdana, geneva, sans-serif;\">Industriemeister sind heute in vielen Unternehmen eher \u201eoperative Manager\u201c. Sie tragen mit ihrem Team zur Optimierung von Abl\u00e4ufen und L\u00f6sung von Problemen bei. Sie steuern die Abl\u00e4ufe in industriellen Bereichen wirtschaftlich und gew\u00e4hrleisten dadurch die Produktivit\u00e4t des Unternehmens. Zudem stellen sie die Personaleinsatzplanung sicher und erm\u00f6glichen damit einen reibungslosen Produktionsablauf. Damit sorgen sie vorausschauend f\u00fcr die Qualifikation ihrer Mitarbeiter, damit man auch f\u00fcr zuk\u00fcnftige Herausforderungen gewappnet ist. Das Aufgabengebiet ist anspruchsvoll und abwechslungsreich. Wollen Sie sich dieser Herausforderung stellen?<\/span><\/p>\n<p><span style=\"font-family: verdana, geneva, sans-serif;\">Durch diese staatlich anerkannte Aufstiegsfortbildung zum Industriemeister erwerben Sie in nur 2 Jahren (Regellaufzeit mit 2 Tagen berufsbegleitenden Unterricht pro Woche) mit Bestehen der Abschlusspr\u00fcfung zus\u00e4tzlich die allgemeine Hochschulreife. Der Industriemeister-Abschluss ist europaweit anerkannt (&#8220;Bachelor-Niveau&#8221; \/ DQR-Stufe 6). Durch die staatliche Anerkennung k\u00f6nnen die Kosten dieser Weiterbildung bis zu 100 % durch das sogenannte &#8220;Meister-BAf\u00f6G&#8221; (AFBG) gef\u00f6rdert werden (vom Alter, Einkommen und Verm\u00f6gen unabh\u00e4ngig). Die F\u00f6rderung ist gerade noch auf einem H\u00f6chststand (staatliche Zusch\u00fcsse) &#8211; wer wei\u00df, wie lange das noch so bleibt. Zudem kann eine sog. Meisterpr\u00e4mie nach erfolgreichem Bestehen bei der NBank beantragt werden. Die Voraussetzungen waren noch nie besser: Nach erfolgreichem Abschluss der Weiterbildung betr\u00e4gt der Eigenanteil z. Z. nur ein paar hundert Euro. Wer hier noch schneller fertig sein m\u00f6chte kann diese Weiterbildung auch in nur einem Jahr bei uns absolvieren (an 4 Tagen Unterrichtsteilnahme pro Woche).<br \/>\n<\/span><\/p>\n<p><span style=\"font-family: verdana, geneva, sans-serif;\">Zum Industrie- \/ und Logistikmeister finden regelm\u00e4\u00dfig im Jahr mehrere Informationsveranstaltungen bei Compass-Bildung statt. Die aktuellen Termine dazu werden unter &#8220;Termine&#8221; auf dieser Homepage, \u00fcber Facebook unter &#8220;Compass-Bildung&#8221; und auf Google &#8220;Compass-Bildung Emden&#8221; angek\u00fcndigt.<\/span><\/p>\n<p><span style=\"font-family: verdana, geneva, sans-serif;\"><strong><u>Inhalte und Ablauf der Weiterbildung<\/u><\/strong><\/span><\/p>\n<p>Die Weiterbildung erfolgt in 3 Schritten (Bsp. Industriemeister Metall):<\/p>\n<ol>\n<li>Das erfolgreiche Ablegen der Ausbilder-Eignungspr\u00fcfung (AEVO)<\/li>\n<li>Die erfolgreiche Teilnahme am Teil A des Meisterkurses (Basisqualifikation)<\/li>\n<li>Die erfolgreiche Teilnahme am Teil B des Meisterkurses (Handlungsspezifische Qualifikation)<\/li>\n<\/ol>\n<p><span style=\"font-family: verdana, geneva, sans-serif;\"><br \/>\nAdA-Kurse werden mehrfach im Jahr als einw\u00f6chige Vollzeitkurse (Bildungsurlaub) angeboten. Diese sollten vor Beginn des Meisterkurses absolviert werden. Meisterkurse beginnen jeweils im Herbst (in der Regel Anfang Oktober) und bereiten gezielt auf die Pr\u00fcfung im November des darauffolgenden Jahres vor (Teil A) = 1. Jahr. <\/span><\/p>\n<p><span style=\"font-family: verdana, geneva, sans-serif;\">Die folgenden 5 Inhalte der Basisqualifikation sind durch Klausuren nachzuweisen:<\/span><\/p>\n<p><span style=\"font-family: verdana, geneva, sans-serif;\">1. Zusammenarbeit im Betrieb (ZIB)<\/span><br \/>\n<span style=\"font-family: verdana, geneva, sans-serif;\">2. Betriebswirtschaftliches Handeln (BWH)<\/span><br \/>\n<span style=\"font-family: verdana, geneva, sans-serif;\">3. Naturwissenschaftliche und technische Gesetzm\u00e4\u00dfigkeiten (NTG)<\/span><br \/>\n<span style=\"font-family: verdana, geneva, sans-serif;\">4. Methoden der Information, Kommunikation und Planung (MIKP)<\/span><br \/>\n<span style=\"font-family: verdana, geneva, sans-serif;\">5. Rechtsbewusstes Handeln (RBH)<\/span><\/p>\n<p><span style=\"font-family: verdana, geneva, sans-serif;\">Danach folgen im Teil B nachfolgende handlungsspezifische Qualifikationen, die ein Jahr sp\u00e4ter durch 2 schriftliche Pr\u00fcfungen und eine m\u00fcndliche Pr\u00fcfung (= situationsbezogenes Fachgespr\u00e4ch) vor der IHK nachzuweisen sind = 2. Jahr:<\/span><\/p>\n<p><span style=\"font-family: verdana, geneva, sans-serif;\">I. Handlungsbereich Technik (Betriebs-\/Fertigungs-\/Montagetechnik &#8211; am Beispiel des Industriemeisters Metall) ca. 40 %<br \/>\n<\/span><span style=\"font-family: verdana, geneva, sans-serif;\">II. Handlungsbereich Organisation (Betr. Kostenwesen\/Planungssysteme\/Arbeitsschutz) ca. 30 %<br \/>\n<\/span><span style=\"font-family: verdana, geneva, sans-serif;\">III. Handlungsbereich F\u00fchrung und Personal (Personalf\u00fchrung\/-entwicklung\/Qualit\u00e4tsmanagement) ca. 30 %<\/span><\/p>\n<p><span style=\"font-family: verdana, geneva, sans-serif;\">Der Unterricht erfolgt an 2 Tagen in der Woche schichtbegleitend, d. h. vor- und nachmittags jeweils in 4 Unterrichtseinheiten \u00e0 45 Minuten, die inhaltlich identisch sind. Auf diese Weise k\u00f6nnen auch Teilnehmer im Schichtdienst optimal am Unterricht teilnehmen. Ein fundiertes Unterrichtskonzept vermittelt praxisnah die Inhalte, angereichert mit vielen \u00dcbungen, Wiederholungen und einem speziellen Klausurvorbereitungstraining werden die Teilnehmer bei Compass-Bildung optimal auf die Pr\u00fcfungen vorbereitet.<\/span><\/p>\n<p><span style=\"font-family: verdana, geneva, sans-serif;\"><strong>Zulassungsvoraussetzungen<\/strong> (am Beispiel Industriemeister Metall) bis zur Abschlusspr\u00fcfung nach zweij\u00e4hrigem schichtbegleitendem Lehrgang:<\/span><br \/>\n<span style=\"font-family: verdana, geneva, sans-serif;\">Erfolgreiche Ausbildung im Metallbereich und 2-j\u00e4hrige Berufspraxis im Metallbereich (diese kann w\u00e4hrend der Lehrgangsdauer erworben werden)<\/span><br \/>\n<span style=\"font-family: verdana, geneva, sans-serif;\">oder erfolgreiche Ausbildung (nicht im Metallbereich) und mindestens 4-j\u00e4hrige Berufspraxis im Metallbereich (davon 2 Jahre w\u00e4hrend des Lehrgangs)<\/span><br \/>\n<span style=\"font-family: verdana, geneva, sans-serif;\">oder komplett ohne Ausbildung, daf\u00fcr aber 8-j\u00e4hrige Berufspraxis im Metallbereich bis zur Abschlusspr\u00fcfung (davon 2 Jahre w\u00e4hrend des Lehrgangs).<br \/>\n<\/span><\/p>\n<p>Bei weiteren Fragen kommen Sie gerne auf uns zu. Individuelle Beratungstermine k\u00f6nnen wir jederzeit vereinbaren.<\/p>\n<p><img loading=\"lazy\" decoding=\"async\" class=\"aligncenter wp-image-500\" src=\"https:\/\/compass-bildung.de\/bildung\/wp-content\/uploads\/2019\/03\/Seite-Industriemeister-1024x673.jpg\" alt=\"\" width=\"1318\" height=\"866\" srcset=\"https:\/\/compass-bildung.de\/bildung\/wp-content\/uploads\/2019\/03\/Seite-Industriemeister-1024x673.jpg 1024w, https:\/\/compass-bildung.de\/bildung\/wp-content\/uploads\/2019\/03\/Seite-Industriemeister-300x197.jpg 300w, https:\/\/compass-bildung.de\/bildung\/wp-content\/uploads\/2019\/03\/Seite-Industriemeister-768x505.jpg 768w, https:\/\/compass-bildung.de\/bildung\/wp-content\/uploads\/2019\/03\/Seite-Industriemeister-500x329.jpg 500w, https:\/\/compass-bildung.de\/bildung\/wp-content\/uploads\/2019\/03\/Seite-Industriemeister-800x526.jpg 800w, https:\/\/compass-bildung.de\/bildung\/wp-content\/uploads\/2019\/03\/Seite-Industriemeister-1280x841.jpg 1280w, https:\/\/compass-bildung.de\/bildung\/wp-content\/uploads\/2019\/03\/Seite-Industriemeister-1920x1262.jpg 1920w\" sizes=\"auto, (max-width: 1318px) 100vw, 1318px\" \/><\/p>\n","protected":false},"excerpt":{"rendered":"<p>Ein- oder zweij\u00e4hrige Vorbereitungslehrg\u00e4nge auf Meisterkurse (Industriemeister \/ Logistikmeister) Industriemeister \u201e4.0\u201c &#8211; von der Fachkraft zur F\u00fchrungskraft \u00a0 (Schwerpunkte Metall, Elektrotechnik, Mechatronik sowie der Logistikmeister) Heute werden andere Anforderungen an den Industriemeister und den Logistikmeister gestellt als noch vor 20 <span class=\"excerpt-dots\">&hellip;<\/span> <a class=\"more-link\" href=\"https:\/\/compass-bildung.de\/bildung\/compass-bildung\/meisterkurse-in-emden\/\"><span class=\"more-msg\">Weiterlesen &rarr;<\/span><\/a><\/p>\n","protected":false},"author":3,"featured_media":691,"parent":434,"menu_order":0,"comment_status":"closed","ping_status":"closed","template":"","meta":{"_monsterinsights_skip_tracking":false,"_monsterinsights_sitenote_active":false,"_monsterinsights_sitenote_note":"","_monsterinsights_sitenote_category":0,"footnotes":""},"class_list":["post-67","page","type-page","status-publish","has-post-thumbnail","hentry"],"_links":{"self":[{"href":"https:\/\/compass-bildung.de\/bildung\/wp-json\/wp\/v2\/pages\/67","targetHints":{"allow":["GET"]}}],"collection":[{"href":"https:\/\/compass-bildung.de\/bildung\/wp-json\/wp\/v2\/pages"}],"about":[{"href":"https:\/\/compass-bildung.de\/bildung\/wp-json\/wp\/v2\/types\/page"}],"author":[{"embeddable":true,"href":"https:\/\/compass-bildung.de\/bildung\/wp-json\/wp\/v2\/users\/3"}],"replies":[{"embeddable":true,"href":"https:\/\/compass-bildung.de\/bildung\/wp-json\/wp\/v2\/comments?post=67"}],"version-history":[{"count":41,"href":"https:\/\/compass-bildung.de\/bildung\/wp-json\/wp\/v2\/pages\/67\/revisions"}],"predecessor-version":[{"id":474,"href":"https:\/\/compass-bildung.de\/bildung\/wp-json\/wp\/v2\/pages\/67\/revisions\/474"}],"up":[{"embeddable":true,"href":"https:\/\/compass-bildung.de\/bildung\/wp-json\/wp\/v2\/pages\/434"}],"wp:featuredmedia":[{"embeddable":true,"href":"https:\/\/compass-bildung.de\/bildung\/wp-json\/wp\/v2\/media\/691"}],"wp:attachment":[{"href":"https:\/\/compass-bildung.de\/bildung\/wp-json\/wp\/v2\/media?parent=67"}],"curies":[{"name":"wp","href":"https:\/\/api.w.org\/{rel}","templated":true}]}}