{"id":618,"date":"2020-01-07T21:06:49","date_gmt":"2020-01-07T20:06:49","guid":{"rendered":"https:\/\/compass-bildung.de\/bildung\/?page_id=618"},"modified":"2026-01-21T16:54:49","modified_gmt":"2026-01-21T15:54:49","slug":"anfahrt","status":"publish","type":"page","link":"https:\/\/compass-bildung.de\/bildung\/anfahrt\/","title":{"rendered":"Anfahrt"},"content":{"rendered":"<p><span style=\"font-size: 18pt;\"><span style=\"color: #0000ff;\"><strong>Anfahrtsbeschreibung<\/strong><\/span><\/span><\/p>\n<p>Die ersten Herausforderung &#8211; finde uns!\u00a0 Wir sind an den Standorten Oldenburg (26135) und Emden (26725) mit Schulungsr\u00e4umen vertreten.<\/p>\n<p>Das Geb\u00e4ude der fr\u00fcheren alten Post von Emden \/ Telekom-Geb\u00e4ude hatte in der Vergangenheit den Eingang von der Osterstrasse her. Deshalb historisch auch noch die alte Geb\u00e4udeanschrift &#8220;Osterstr. 38&#8221;. Von dort ist aber schon lange kein &#8220;Reinkommen&#8221; mehr&#8230;<\/p>\n<p>Heute ist die Einfahrt zum Schulungsgeb\u00e4ude nur noch \u00fcber die <strong>Br\u00fcckstrasse<\/strong> m\u00f6glich (Einfahrt ist direkt <strong>gegen\u00fcber der Hausnummer 42<\/strong> (= Reiseb\u00fcro)). Wenn man sich am Fernsehturm von Emden orientiert, dann kann man Compass-Bildung eigentlich nicht verfehlen &#8211; die kostenlosen Parkm\u00f6glichkeiten sind direkt im gro\u00dfen Innenhof vor dem Schulungsgeb\u00e4ude (<strong>direkt unter dem Fernsehturm von Emden).\u00a0 <\/strong>Sowohl im Bereich der Einfahrt wie auch am Geb\u00e4ude rechts neben der Eingangst\u00fcr weisen unsere Hinweisschilder auf Compass-Bildung den Weg&#8230;<\/p>\n<p><img loading=\"lazy\" decoding=\"async\" class=\"alignright wp-image-632\" src=\"https:\/\/compass-bildung.de\/bildung\/wp-content\/uploads\/2020\/01\/6-Standort-Fernsehturm.jpg\" alt=\"\" width=\"373\" height=\"581\" \/><\/p>\n<p><iframe loading=\"lazy\" style=\"border: 0;\" src=\"https:\/\/www.google.com\/maps\/embed?pb=!1m18!1m12!1m3!1d2380.631855676308!2d7.207971315977244!3d53.36774318080921!2m3!1f0!2f0!3f0!3m2!1i1024!2i768!4f13.1!3m3!1m2!1s0x47b639bfff4837b9%3A0x2e8ef176fe5a9c9a!2sOsterstra%C3%9Fe%2038%2C%2026725%20Emden!5e0!3m2!1sde!2sde!4v1575802851295!5m2!1sde!2sde\" width=\"800\" height=\"600\" frameborder=\"0\" allowfullscreen=\"allowfullscreen\"><\/iframe><\/p>\n<p>Unsere Schulungsr\u00e4ume sind im ersten Obergeschoss (3 Geschosstreppen hoch). Das Geb\u00e4ude hat zwar den &#8220;Charme der 50ger Jahre&#8221;, aber die fast 5 Meter hohen Decken sowie die gro\u00dfen Fensterfronten sorgen immer f\u00fcr &#8220;frische Luft&#8221; und ein angenehmes Raumklima. Unsere Schulungsr\u00e4umlichkeiten befinden sich im ersten Obergeschoss auf der linken Seite. Auf der Nordseite gelegen (der Sonne abgewandt&#8230;) sind 2 gro\u00dfe Schulungsr\u00e4ume. Hier kann man auch wenn man sich einmal warm arbeitet einen &#8220;k\u00fchlen Kopf&#8221; bewahren&#8230;<\/p>\n<p><img loading=\"lazy\" decoding=\"async\" class=\"wp-image-633 alignleft\" src=\"https:\/\/compass-bildung.de\/bildung\/wp-content\/uploads\/2020\/01\/3-Eingang-frontal.jpg\" alt=\"\" width=\"275\" height=\"355\" \/><img loading=\"lazy\" decoding=\"async\" class=\"alignnone wp-image-703\" src=\"https:\/\/compass-bildung.de\/bildung\/wp-content\/uploads\/2022\/06\/Eingang-zum-Flur-224x300.jpg\" alt=\"\" width=\"213\" height=\"273\" \/> <img loading=\"lazy\" decoding=\"async\" class=\"alignnone wp-image-704\" src=\"https:\/\/compass-bildung.de\/bildung\/wp-content\/uploads\/2022\/06\/Flur-komplett-300x253.jpg\" alt=\"\" width=\"227\" height=\"197\" \/> <img loading=\"lazy\" decoding=\"async\" class=\"alignnone size-medium wp-image-707\" src=\"https:\/\/compass-bildung.de\/bildung\/wp-content\/uploads\/2022\/06\/Uebergang-zum-Buero-236x300.jpg\" alt=\"\" width=\"236\" height=\"300\" srcset=\"https:\/\/compass-bildung.de\/bildung\/wp-content\/uploads\/2022\/06\/Uebergang-zum-Buero-236x300.jpg 236w, https:\/\/compass-bildung.de\/bildung\/wp-content\/uploads\/2022\/06\/Uebergang-zum-Buero-805x1024.jpg 805w, https:\/\/compass-bildung.de\/bildung\/wp-content\/uploads\/2022\/06\/Uebergang-zum-Buero-768x977.jpg 768w, https:\/\/compass-bildung.de\/bildung\/wp-content\/uploads\/2022\/06\/Uebergang-zum-Buero-1208x1536.jpg 1208w, https:\/\/compass-bildung.de\/bildung\/wp-content\/uploads\/2022\/06\/Uebergang-zum-Buero-1610x2048.jpg 1610w, https:\/\/compass-bildung.de\/bildung\/wp-content\/uploads\/2022\/06\/Uebergang-zum-Buero-500x636.jpg 500w, https:\/\/compass-bildung.de\/bildung\/wp-content\/uploads\/2022\/06\/Uebergang-zum-Buero-800x1017.jpg 800w, https:\/\/compass-bildung.de\/bildung\/wp-content\/uploads\/2022\/06\/Uebergang-zum-Buero-1280x1628.jpg 1280w, https:\/\/compass-bildung.de\/bildung\/wp-content\/uploads\/2022\/06\/Uebergang-zum-Buero-1920x2442.jpg 1920w, https:\/\/compass-bildung.de\/bildung\/wp-content\/uploads\/2022\/06\/Uebergang-zum-Buero-scaled.jpg 2013w\" sizes=\"auto, (max-width: 236px) 100vw, 236px\" \/> <img loading=\"lazy\" decoding=\"async\" class=\"alignnone wp-image-702\" src=\"https:\/\/compass-bildung.de\/bildung\/wp-content\/uploads\/2022\/06\/Eingang-Buero-300x237.jpg\" alt=\"\" width=\"280\" height=\"231\" \/><\/p>\n<p>&nbsp;<\/p>\n<p>&nbsp;<\/p>\n","protected":false},"excerpt":{"rendered":"<p>Anfahrtsbeschreibung Die ersten Herausforderung &#8211; finde uns!\u00a0 Wir sind an den Standorten Oldenburg (26135) und Emden (26725) mit Schulungsr\u00e4umen vertreten. Das Geb\u00e4ude der fr\u00fcheren alten Post von Emden \/ Telekom-Geb\u00e4ude hatte in der Vergangenheit den Eingang von der Osterstrasse her. <span class=\"excerpt-dots\">&hellip;<\/span> <a class=\"more-link\" href=\"https:\/\/compass-bildung.de\/bildung\/anfahrt\/\"><span class=\"more-msg\">Weiterlesen &rarr;<\/span><\/a><\/p>\n","protected":false},"author":3,"featured_media":0,"parent":0,"menu_order":0,"comment_status":"closed","ping_status":"closed","template":"","meta":{"_monsterinsights_skip_tracking":false,"_monsterinsights_sitenote_active":false,"_monsterinsights_sitenote_note":"","_monsterinsights_sitenote_category":0,"footnotes":""},"class_list":["post-618","page","type-page","status-publish","hentry"],"_links":{"self":[{"href":"https:\/\/compass-bildung.de\/bildung\/wp-json\/wp\/v2\/pages\/618","targetHints":{"allow":["GET"]}}],"collection":[{"href":"https:\/\/compass-bildung.de\/bildung\/wp-json\/wp\/v2\/pages"}],"about":[{"href":"https:\/\/compass-bildung.de\/bildung\/wp-json\/wp\/v2\/types\/page"}],"author":[{"embeddable":true,"href":"https:\/\/compass-bildung.de\/bildung\/wp-json\/wp\/v2\/users\/3"}],"replies":[{"embeddable":true,"href":"https:\/\/compass-bildung.de\/bildung\/wp-json\/wp\/v2\/comments?post=618"}],"version-history":[{"count":12,"href":"https:\/\/compass-bildung.de\/bildung\/wp-json\/wp\/v2\/pages\/618\/revisions"}],"predecessor-version":[{"id":746,"href":"https:\/\/compass-bildung.de\/bildung\/wp-json\/wp\/v2\/pages\/618\/revisions\/746"}],"wp:attachment":[{"href":"https:\/\/compass-bildung.de\/bildung\/wp-json\/wp\/v2\/media?parent=618"}],"curies":[{"name":"wp","href":"https:\/\/api.w.org\/{rel}","templated":true}]}}