{"id":39,"date":"2019-02-19T14:02:01","date_gmt":"2019-02-19T13:02:01","guid":{"rendered":"http:\/\/nanninga.myds.me\/testcompass\/?page_id=39"},"modified":"2019-05-13T16:07:49","modified_gmt":"2019-05-13T14:07:49","slug":"ueber-uns","status":"publish","type":"page","link":"https:\/\/compass-bildung.de\/bildung\/ueber-uns\/","title":{"rendered":"\u00dcber uns"},"content":{"rendered":"<p><span style=\"color: #0000ff;\"><strong><span style=\"font-family: verdana, geneva, sans-serif; font-size: 14pt;\">\u00dcber uns<\/span><\/strong><\/span><\/p>\n<p><span style=\"font-family: verdana, geneva, sans-serif; font-size: 12pt;\"><strong>Compass-Bildung<\/strong> ist ein <strong>Bildungsinstitut mit Sitz in der ostfriesischen Seehafenstadt Emden<\/strong>. Gr\u00fcnder und Inhaber von Compass-Bildung ist <strong>Andreas Wolf<\/strong>.<\/span><\/p>\n<p><span style=\"font-family: verdana, geneva, sans-serif;\">Sind Sie an einem Vorbereitungskurs f\u00fcr Ihre pers\u00f6nliche und fachliche Entwicklung interessiert, sind Sie bei uns genau richtig. Wir &#8211; das Team von Compass-Bildung &#8211; bereiten Sie auf IHK-zertifizierte Pr\u00fcfungen vor und begleiten, unterst\u00fctzen, fordern und f\u00f6rdern Sie dabei. Das machen wir anschaulich, praxisnah und mit aller Konsequenz. So gelangen wir <strong>gemeinsam<\/strong> mit Ihnen ans Ziel, denn <strong>Ihr Erfolg ist unser Erfolg. Davon leben wir.\u00a0<\/strong><\/span><\/p>\n<p><span style=\"font-family: verdana, geneva, sans-serif;\"><strong><em>&#8220;Nur wer selbst brennt, kann Feuer in anderen entfachen&#8221;<br \/>\n<\/em><\/strong><span style=\"font-size: 10pt;\">&#8211; Augustinus von Hippo &#8211;<\/span><\/span><\/p>\n<p><span style=\"font-family: verdana, geneva, sans-serif;\">Getreu diesem Motto f\u00fchrt Andreas Wolf einen Gro\u00dfteil der angebotenen Weiterbildungen von<strong> Compass-Bildung<\/strong>\u00a0pers\u00f6nlich durch.\u00a0<\/span><\/p>\n<p><span style=\"font-family: verdana, geneva, sans-serif;\"><strong>Pers\u00f6nliche Kurzvorstellung \/ Vita<\/strong><\/span><\/p>\n<p><span style=\"color: #ff0000;\"><img loading=\"lazy\" decoding=\"async\" class=\"alignleft wp-image-235\" src=\"https:\/\/compass-bildung.de\/bildung\/wp-content\/uploads\/2019\/02\/Mithande-199x300.png\" alt=\"\" width=\"316\" height=\"476\" srcset=\"https:\/\/compass-bildung.de\/bildung\/wp-content\/uploads\/2019\/02\/Mithande-199x300.png 199w, https:\/\/compass-bildung.de\/bildung\/wp-content\/uploads\/2019\/02\/Mithande.png 272w\" sizes=\"auto, (max-width: 316px) 100vw, 316px\" \/><\/span><\/p>\n<p>&nbsp;<\/p>\n<p><span style=\"font-family: verdana, geneva, sans-serif; font-size: large;\">Diplom-Kaufmann <b>Andreas Wolf<\/b><\/span><\/p>\n<ul style=\"list-style-type: disc;\">\n<li><span style=\"font-family: verdana, geneva, sans-serif; font-size: 12pt;\">Umfangreiche Erfahrung als Dozent \/ Trainer in der Erwachsenenbildung<\/span><\/li>\n<li><span style=\"font-size: 12pt;\"><span style=\"font-family: verdana, geneva, sans-serif;\">Systemischer Coach und Mediator<\/span><\/span><\/li>\n<li><span style=\"font-size: 12pt;\">Stress-und Burnout-Pr\u00e4ventionstrainer<\/span><\/li>\n<li><span style=\"font-size: 12pt;\">Ausbildung zum Ausbilder<\/span><\/li>\n<li><span style=\"font-family: verdana, geneva, sans-serif; font-size: 12pt;\">Fast 30 Jahre praktische Berufserfahrung in diversen Unternehmen unterschiedlichster Branchen, in unterschiedlichen F\u00fchrungsfunktionen<\/span><\/li>\n<li><span style=\"font-family: verdana, geneva, sans-serif; font-size: 12pt;\">Seit 2001 aktiv in diversen Pr\u00fcfungsaussch\u00fcssen der IHK (AdA, Betriebswirt, Techn. Betriebswirt, Industriemeister)<\/span><\/li>\n<li><span style=\"font-family: verdana, geneva, sans-serif; font-size: 12pt;\">Diverse Fachfortbildungen im Projektmanagement, Controlling, Change-Management<\/span><\/li>\n<li><span style=\"font-family: verdana, geneva, sans-serif; font-size: 12pt;\">Studium der Wirtschaftswissenschaften an der Bergischen Universit\u00e4t Wuppertal<\/span><\/li>\n<li><span style=\"font-family: verdana, geneva, sans-serif; font-size: 12pt;\">Weiterbildung zum Kaufmann der Grundst\u00fccks- und Wohnungswirtschaft<\/span><\/li>\n<li><span style=\"font-family: verdana, geneva, sans-serif; font-size: 12pt;\">Ausbildung zum B\u00fcrokaufmann<\/span><\/li>\n<\/ul>\n","protected":false},"excerpt":{"rendered":"<p>\u00dcber uns Compass-Bildung ist ein Bildungsinstitut mit Sitz in der ostfriesischen Seehafenstadt Emden. Gr\u00fcnder und Inhaber von Compass-Bildung ist Andreas Wolf. Sind Sie an einem Vorbereitungskurs f\u00fcr Ihre pers\u00f6nliche und fachliche Entwicklung interessiert, sind Sie bei uns genau richtig. Wir <span class=\"excerpt-dots\">&hellip;<\/span> <a class=\"more-link\" href=\"https:\/\/compass-bildung.de\/bildung\/ueber-uns\/\"><span class=\"more-msg\">Weiterlesen &rarr;<\/span><\/a><\/p>\n","protected":false},"author":3,"featured_media":0,"parent":0,"menu_order":0,"comment_status":"closed","ping_status":"closed","template":"","meta":{"_monsterinsights_skip_tracking":false,"_monsterinsights_sitenote_active":false,"_monsterinsights_sitenote_note":"","_monsterinsights_sitenote_category":0,"footnotes":""},"class_list":["post-39","page","type-page","status-publish","hentry"],"_links":{"self":[{"href":"https:\/\/compass-bildung.de\/bildung\/wp-json\/wp\/v2\/pages\/39","targetHints":{"allow":["GET"]}}],"collection":[{"href":"https:\/\/compass-bildung.de\/bildung\/wp-json\/wp\/v2\/pages"}],"about":[{"href":"https:\/\/compass-bildung.de\/bildung\/wp-json\/wp\/v2\/types\/page"}],"author":[{"embeddable":true,"href":"https:\/\/compass-bildung.de\/bildung\/wp-json\/wp\/v2\/users\/3"}],"replies":[{"embeddable":true,"href":"https:\/\/compass-bildung.de\/bildung\/wp-json\/wp\/v2\/comments?post=39"}],"version-history":[{"count":25,"href":"https:\/\/compass-bildung.de\/bildung\/wp-json\/wp\/v2\/pages\/39\/revisions"}],"predecessor-version":[{"id":513,"href":"https:\/\/compass-bildung.de\/bildung\/wp-json\/wp\/v2\/pages\/39\/revisions\/513"}],"wp:attachment":[{"href":"https:\/\/compass-bildung.de\/bildung\/wp-json\/wp\/v2\/media?parent=39"}],"curies":[{"name":"wp","href":"https:\/\/api.w.org\/{rel}","templated":true}]}}